{"id":105,"date":"2023-07-02T23:22:32","date_gmt":"2023-07-02T21:22:32","guid":{"rendered":"https:\/\/www.medcomp.cz\/?page_id=105"},"modified":"2025-11-07T00:45:03","modified_gmt":"2025-11-06T23:45:03","slug":"sluzby-2","status":"publish","type":"page","link":"https:\/\/www.medcomp.cz\/index.php\/sluzby-2\/","title":{"rendered":"sluzby+"},"content":{"rendered":"<div class=\"\" style=\"\" >\n    \n    <section class=\"u-clearfix u-image u-shading u-section-2\" id=\"sec-3c0c\" data-image-width=\"1280\" data-image-height=\"853\">\n      <div class=\"u-clearfix u-sheet u-valign-middle u-sheet-1\">\n        <h2 class=\"u-custom-font u-font-roboto u-text u-text-default u-text-1\">PRO <b>\n            <font class=\"u-text-custom-color-2\">FIRMY<\/font><\/b>\n        <\/h2>\n      <\/div>\n    <\/section>\n    <section class=\"u-clearfix u-grey-90 u-section-3\" data-image-width=\"2000\" data-image-height=\"1333\" id=\"sec-107b\">\n      <div class=\"u-clearfix u-sheet u-sheet-1\">\n        <div class=\"u-align-center u-container-style u-expanded-width-md u-expanded-width-sm u-expanded-width-xs u-group u-group-1\">\n          <div class=\"u-container-layout u-valign-bottom-sm u-valign-bottom-xs u-valign-top-md u-container-layout-1\">\n            <h2 class=\"u-custom-font u-font-roboto u-text u-text-1\" data-animation-name=\"fadeIn\" data-animation-duration=\"1750\" data-animation-delay=\"0\">JSTE <b>\n                <font class=\"u-text-custom-color-2\">FIRMA<\/font><\/b>?\n            <\/h2>\n            <p class=\"u-align-center u-custom-font u-font-roboto u-text u-text-2\" data-animation-name=\"fadeIn\" data-animation-duration=\"1250\" data-animation-delay=\"750\">Nebo <font class=\"u-text-custom-color-2\"><b>n\u00e1ro\u010dn\u00fd klient<\/b>\n              <\/font>, kter\u00fd by rad\u011bji <b>\n                <font class=\"u-text-custom-color-2\">p\u0159enechal starosti<\/font><\/b> s <font class=\"u-text-white\">IT<\/font> t\u00fdmu expert\u016f.&nbsp;&nbsp;\n            <\/p>\n          <\/div>\n        <\/div>\n      <\/div>\n    <\/section>\n    <section class=\"u-clearfix u-grey-90 u-section-4\" id=\"sec-a671\">\n      <div class=\"u-clearfix u-sheet u-valign-middle-md u-valign-middle-sm u-valign-middle-xs u-sheet-1\">\n        <div class=\"u-list u-repeater u-list-1\">\n          <div class=\"u-container-style u-list-item u-repeater-item\">\n            <div class=\"u-container-layout u-similar-container u-container-layout-1\">\n              <img decoding=\"async\" alt=\"\" class=\"u-expanded-width u-image u-image-round u-radius-15 u-image-1\" data-image-width=\"1280\" data-image-height=\"852\" src=\"https:\/\/www.medcomp.cz\/wp-content\/uploads\/2023\/07\/88ea59cf1199f84d1e18e9eaecbbf91c0910485ce31c039fd87f33e03aedc1bf6d449626c685617a9e3bff4cb1edad3448502d732225bca659fe9c_1280.jpg\">\n              <h3 class=\"u-custom-font u-font-roboto u-text u-text-default u-text-1\">TVORBA WEB\u016e<\/h3>\n              <div class=\"u-border-2 u-border-custom-color-2 u-expanded-width u-line u-line-horizontal u-line-1\"><\/div>\n              <p class=\"u-custom-font u-font-roboto u-text u-text-2\">Pot\u0159ebujete <b>\n                  <font class=\"u-text-custom-color-2\">webov\u00e9 str\u00e1nky<\/font><\/b>, jejich \u00fadr\u017ebu, nebo pravideln\u00e9 aktualizace obsahu ?&nbsp;<br>\n                <br>&nbsp;V\u0161e za\u0159\u00edd\u00edme. Od <b>\n                  <font class=\"u-text-custom-color-2\">zalo\u017een\u00ed dom\u00e9ny<\/font><\/b> a um\u00edst\u011bn\u00ed na n\u00e1\u0161 <b>\n                  <font class=\"u-text-custom-color-2\">hosting<\/font><\/b>, po navr\u017een\u00ed <b>\n                  <font class=\"u-text-custom-color-2\">designu<\/font><\/b> webu. Poradenstv\u00ed v oblasti algoritm\u016f google, pro jej\u00ed lep\u0161\u00ed <b>\n                  <font class=\"u-text-custom-color-2\">propagaci<\/font><\/b> a jej\u00ed prov\u00e1z\u00e1n\u00ed se <b>\n                  <font class=\"u-text-custom-color-2\">soci\u00e1ln\u00edmi<\/font><\/b> s\u00edt\u011bmi.&nbsp;&nbsp;<br>\n                <br><b>\n                  <font class=\"u-text-custom-color-2\">A hlavn\u011b<\/font><\/b>, pravideln\u00e1 \u00fadr\u017eba a aktualizace.\n              <\/p>\n            <\/div>\n          <\/div>\n          <div class=\"u-container-style u-list-item u-repeater-item\">\n            <div class=\"u-container-layout u-similar-container u-container-layout-2\">\n              <img decoding=\"async\" alt=\"\" class=\"u-expanded-width u-image u-image-round u-radius-15 u-image-2\" data-image-width=\"1280\" data-image-height=\"853\" src=\"https:\/\/www.medcomp.cz\/wp-content\/uploads\/2023\/07\/d062cd59241f5465919e49918aa84cfc95c342db5d46b22bc865ba89e974c305cc670d0b08476379f637d98d394b7578c6e3bf107b99f266de476c_1280.jpg\">\n              <h3 class=\"u-custom-font u-font-roboto u-text u-text-default u-text-3\">SPR\u00c1VA PC.<\/h3>\n              <div class=\"u-border-2 u-border-custom-color-2 u-expanded-width u-line u-line-horizontal u-line-2\"><\/div>\n              <p class=\"u-custom-font u-font-roboto u-text u-text-4\">Pro <b>\n                  <font class=\"u-text-custom-color-2\">spr\u00e1vn\u00fd<\/font><\/b> chod ka\u017ed\u00e9ho stroje je pot\u0159eba <b>\n                  <font class=\"u-text-custom-color-2\">pravideln\u00e1 \u00fadr\u017eba<\/font><\/b>, jak hardwarov\u011b, tak i softwarov\u011b.<br>\n                <br>Nab\u00edz\u00edme <b>\n                  <font class=\"u-text-custom-color-2\">kompletn\u00ed \u0159e\u0161en\u00ed<\/font><\/b> p\u00e9\u010de o v\u0161echny Va\u0161e za\u0159\u00edzen\u00ed:<br>\n                <br>Pravideln\u00fd servis hardwaru, softwaru, upgradu star\u00fdch komponent, aktualizac\u00ed syst\u00e9m\u016f i prevence p\u0159ed hrozbami z internetu.\n              <\/p>\n            <\/div>\n          <\/div>\n          <div class=\"u-container-style u-list-item u-repeater-item\">\n            <div class=\"u-container-layout u-similar-container u-container-layout-3\">\n              <img decoding=\"async\" alt=\"\" class=\"u-expanded-width u-image u-image-round u-radius-15 u-image-3\" data-image-width=\"1280\" data-image-height=\"853\" src=\"https:\/\/www.medcomp.cz\/wp-content\/uploads\/2023\/07\/4925126aa65fb4babdb8047a5f8db1ce6db27009b9ede5f5af8d0b6ffdecda917263c4b540cd3916b4ccf2c803fd3e80579e156ee801a6b9455a7a_1280.jpg\">\n              <h3 class=\"u-custom-font u-font-roboto u-text u-text-default u-text-5\">SPR\u00c1VA S\u00cdT\u00cd<\/h3>\n              <div class=\"u-border-2 u-border-custom-color-2 u-expanded-width u-line u-line-horizontal u-line-3\"><\/div>\n              <p class=\"u-custom-font u-font-roboto u-text u-text-6\">Pro <b>\n                  <font class=\"u-text-custom-color-2\">plynul\u00fd<\/font><\/b> chod za\u0159\u00edzen\u00ed ve firm\u00e1ch, nebo dom\u00e1cnostech je tak\u00e9 d\u016fle\u017eit\u00e1 <b>\n                  <font class=\"u-text-custom-color-2\">kvalitn\u00ed s\u00ed\u0165<\/font><\/b>.<br>\n                <br>N\u00e1\u0161 t\u00fdm <b>\n                  <font class=\"u-text-custom-color-2\">dlouhodob\u011b<\/font><\/b> spolupracuje s mnoha poskytovateli internetu a pom\u00e1h\u00e1 p\u0159i <b>\n                  <font class=\"u-text-custom-color-2\">v\u00fdstavb\u011b s\u00edt\u00ed<\/font><\/b> hlavn\u00edch, firemn\u00edch i dom\u00e1c\u00edch.<br>\n                <br>D\u00edky \u010demu\u017e jsme schopn\u00ed dodat, jak&nbsp;<b>\n                  <font class=\"u-text-custom-color-2\">kvalitn\u00ed spr\u00e1vu,&nbsp;<\/font><\/b>tak i v\u00fdstavbu <font class=\"u-text-custom-color-2\"><b>Va\u0161\u00ed s\u00edt\u011b.<\/b>\n                <\/font>\n              <\/p>\n            <\/div>\n          <\/div>\n          <div class=\"u-container-style u-list-item u-repeater-item\">\n            <div class=\"u-container-layout u-similar-container u-container-layout-4\">\n              <img decoding=\"async\" alt=\"\" class=\"u-expanded-width u-image u-image-round u-radius-15 u-image-4\" data-image-width=\"2192\" data-image-height=\"2560\" src=\"https:\/\/www.medcomp.cz\/wp-content\/uploads\/2023\/05\/msite-home-scaled.jpg\">\n              <h3 class=\"u-custom-font u-font-roboto u-text u-text-default u-text-7\">ZBO\u017d\u00cd NA M\u00cdRU<\/h3>\n              <div class=\"u-border-2 u-border-custom-color-2 u-expanded-width u-line u-line-horizontal u-line-4\"><\/div>\n              <p class=\"u-custom-font u-font-roboto u-text u-text-8\">Dal\u0161\u00edm <b>\n                  <font class=\"u-text-custom-color-2\">pil\u00ed\u0159em kvality<\/font><\/b> je spr\u00e1vn\u00fd <b>\n                  <font class=\"u-text-custom-color-2\">v\u00fdb\u011br<\/font><\/b> za\u0159\u00edzen\u00ed a jejich <b>\n                  <font class=\"u-text-custom-color-2\">konfigurace<\/font><\/b>.<br>\n                <br>Pom\u016f\u017eeme V\u00e1m spr\u00e1vn\u011b vybrat nejen po\u010d\u00edta\u010de, p\u0159\u00edslu\u0161enstv\u00ed, s\u00ed\u0165ov\u00e1 za\u0159\u00edzen\u00ed&nbsp;nebo komponenty po\u010d\u00edta\u010d\u016f, ale tak\u00e9 <b>\n                  <font class=\"u-text-custom-color-2\">v\u0161e doru\u010d\u00edme<\/font><\/b> a uvedeme do <b>\n                  <font class=\"u-text-custom-color-2\">provozu<\/font><\/b>.<br>\n                <br>S mo\u017enost\u00ed odpo\u010dtu <b>\n                  <font class=\"u-text-custom-color-2\">DPH<\/font><\/b>.&nbsp;&nbsp;\n              <\/p>\n            <\/div>\n          <\/div>\n        <\/div>\n      <\/div>\n    <\/section>\n    <section class=\"u-clearfix u-grey-90 u-section-5\" id=\"sec-75e6\">\n      <div class=\"u-clearfix u-sheet u-valign-middle-sm u-valign-middle-xs u-sheet-1\">\n        <div class=\"u-clearfix u-expanded-width u-gutter-10 u-layout-wrap u-layout-wrap-1\">\n          <div class=\"u-gutter-0 u-layout\">\n            <div class=\"u-layout-row\">\n              <div class=\"u-align-center u-container-style u-image u-layout-cell u-shading u-size-30 u-image-1\" data-image-width=\"1280\" data-image-height=\"697\">\n                <div class=\"u-container-layout u-valign-middle u-container-layout-1\" src=\"\"><\/div>\n              <\/div>\n              <div class=\"u-container-style u-layout-cell u-size-30 u-layout-cell-2\">\n                <div class=\"u-container-layout u-valign-top u-container-layout-2\">\n                  <h2 class=\"u-align-center u-custom-font u-font-roboto u-text u-text-1\">INDIVIDU\u00c1LN\u00cd <b>\n                      <font class=\"u-text-custom-color-2\">CENY<\/font><\/b>\n                  <\/h2>\n                  <p class=\"u-align-center u-custom-font u-font-roboto u-text u-text-2\">&nbsp;V\u0161e nacen\u00edme p\u0159i nez\u00e1vazn\u00e9 sch\u016fzce&nbsp;<b>\n                      <font class=\"u-text-custom-color-2\">ZDARMA<\/font><\/b>.<br>\n                    <br>V p\u0159\u00edpad\u011b partnerstv\u00ed lze poskl\u00e1dat <font class=\"u-text-custom-color-2\"><b>m\u011bs\u00ed\u010dn\u00ed tarif<\/b>\n                    <\/font> na&nbsp;<b>\n                      <font class=\"u-text-custom-color-2\">m\u00edru&nbsp;<\/font><\/b>a p\u0159\u00ed odb\u011bru <b>\n                      <font class=\"u-text-custom-color-2\">v\u00edce slu\u017eeb<\/font><\/b> se <b>\n                      <font class=\"u-text-custom-color-2\">zv\u00fdhodn\u011bnou cenou<\/font><\/b>.<br>\n                    <br>Stejn\u011b tak r\u00e1di nacen\u00edme <b>\n                      <font class=\"u-text-custom-color-2\">jednor\u00e1zov\u00e9 projekty<\/font><\/b>, tak\u00e9 nez\u00e1vazn\u011b a <b>\n                      <font class=\"u-text-custom-color-2\">ZDARMA<\/font><\/b>\n                  <\/p>\n                  <a href=\"https:\/\/www.medcomp.cz\/index.php\/kontakt\/\" class=\"u-active-none u-border-2 u-border-active-custom-color-3 u-border-custom-color-2 u-border-hover-custom-color-3 u-btn u-button-style u-custom-font u-font-roboto u-hover-none u-none u-text-active-custom-color-3 u-text-custom-color-2 u-text-hover-custom-color-3 u-btn-1\" data-animation-name=\"fadeIn\" data-animation-duration=\"2000\" data-animation-delay=\"0\">KONTAKTY<\/a>\n                <\/div>\n              <\/div>\n            <\/div>\n          <\/div>\n        <\/div>\n      <\/div>\n    <\/section>\n    <section class=\"u-align-center u-clearfix u-grey-90 u-section-6\" id=\"sec-91e7\">\n      <div class=\"u-clearfix u-sheet u-sheet-1\">\n        <div class=\"u-border-3 u-border-custom-color-2 u-line u-line-horizontal u-line-1\"><\/div>\n        <h2 class=\"u-custom-font u-font-roboto u-text u-text-1\">SPOKOJEN\u00cd KLIENTI<\/h2>\n        <p class=\"u-custom-font u-font-roboto u-text u-text-2\" data-animation-name=\"fadeIn\" data-animation-duration=\"1750\" data-animation-delay=\"0\">A SPOLE\u010cN\u00c9&nbsp;<b>\n            <font class=\"u-text-custom-color-2\">PROJEKTY<\/font><\/b>\n        <\/p>\n      <\/div>\n    <\/section>\n    <section class=\"u-clearfix u-grey-90 u-section-7\" id=\"sec-4ef9\">\n      <div class=\"u-clearfix u-sheet u-sheet-1\">\n        <div class=\"u-list u-repeater u-list-1\">\n          <div class=\"u-container-style u-list-item u-repeater-item\">\n            <div class=\"u-container-layout u-similar-container u-valign-bottom-xs u-valign-top-lg u-valign-top-md u-valign-top-xl u-container-layout-1\">\n              <img decoding=\"async\" alt=\"\" class=\"u-expanded-width u-image u-image-round u-radius-15 u-image-1\" src=\"https:\/\/www.medcomp.cz\/wp-content\/uploads\/2023\/07\/medcomps.r.o._tvorba_webu_medlwood.cz_.png\" data-href=\"https:\/\/www.medlwood.cz\/\" data-target=\"_blank\">\n              <h3 class=\"u-align-center u-custom-font u-font-roboto u-text u-text-1\">WEB<br>MEDLWOOD.CZ\n              <\/h3>\n              <div class=\"u-border-1 u-border-custom-color-2 u-expanded-width u-line u-line-horizontal u-line-1\"><\/div>\n              <a href=\"https:\/\/www.medlwood.cz\/\" class=\"u-align-center u-btn u-button-style u-custom-font u-font-roboto u-text-custom-color-2 u-text-hover-custom-color-3 u-btn-1\">medlwood.cz<\/a>\n            <\/div>\n          <\/div>\n          <div class=\"u-container-style u-list-item u-repeater-item\">\n            <div class=\"u-container-layout u-similar-container u-valign-bottom-xs u-valign-top-lg u-valign-top-md u-valign-top-xl u-container-layout-2\">\n              <img decoding=\"async\" alt=\"\" class=\"u-expanded-width u-image u-image-round u-radius-15 u-image-2\" src=\"https:\/\/www.medcomp.cz\/wp-content\/uploads\/2023\/07\/medcomps.r.o_tvorba_webu_urologienachod.cz_.png\" data-href=\"https:\/\/www.urologienachod.cz\/\" data-target=\"_blank\">\n              <h3 class=\"u-align-center u-custom-font u-font-roboto u-text u-text-2\">WEB&nbsp;<br>UROLOGIENACHOD.CZ\n              <\/h3>\n              <div class=\"u-border-1 u-border-custom-color-2 u-expanded-width u-line u-line-horizontal u-line-2\"><\/div>\n              <a href=\"https:\/\/www.urologienachod.cz\/\" class=\"u-align-center u-btn u-button-style u-custom-font u-font-roboto u-text-custom-color-2 u-text-hover-custom-color-3 u-btn-2\">urologienachod.cz<\/a>\n            <\/div>\n          <\/div>\n          <div class=\"u-container-style u-list-item u-repeater-item\">\n            <div class=\"u-container-layout u-similar-container u-valign-bottom-xs u-valign-top-lg u-valign-top-md u-valign-top-xl u-container-layout-3\">\n              <img decoding=\"async\" alt=\"\" class=\"u-expanded-width u-image u-image-round u-radius-15 u-image-3\" src=\"https:\/\/www.medcomp.cz\/wp-content\/uploads\/2023\/07\/medcomps.r.o._tvorba_webu_vaseocnilysa.cz_.png\" data-href=\"https:\/\/vaseocnilysa.cz\/\" data-target=\"_blank\">\n              <h3 class=\"u-align-center u-custom-font u-font-roboto u-text u-text-3\">WEB<br>VASEOCNILYSA.CZ\n              <\/h3>\n              <div class=\"u-border-1 u-border-custom-color-2 u-expanded-width u-line u-line-horizontal u-line-3\"><\/div>\n              <a href=\"http:\/\/VASEOCNILYSA.CZ\" class=\"u-align-center u-btn u-button-style u-custom-font u-font-roboto u-text-custom-color-2 u-text-hover-custom-color-3 u-btn-3\">vaseocnilysa.cz<\/a>\n            <\/div>\n          <\/div>\n          <div class=\"u-container-style u-list-item u-repeater-item\">\n            <div class=\"u-container-layout u-similar-container u-valign-bottom-xs u-valign-top-lg u-valign-top-md u-valign-top-xl u-container-layout-4\">\n              <img decoding=\"async\" alt=\"\" class=\"u-expanded-width u-image u-image-round u-radius-15 u-image-4\" src=\"https:\/\/www.medcomp.cz\/wp-content\/uploads\/2023\/07\/medcomps.r.o._tvorba_webu_bowlingbarpredmerice.cz_-1.png\" data-href=\"https:\/\/www.bowlingbarpredmerice.cz\/\" data-target=\"_blank\">\n              <h3 class=\"u-align-center u-custom-font u-font-roboto u-text u-text-4\">WEB<br>\n                <font style=\"font-size: 0.875rem;\">BOWLINGBARPREDMERICE.CZ<\/font>\n              <\/h3>\n              <div class=\"u-border-1 u-border-custom-color-2 u-expanded-width u-line u-line-horizontal u-line-4\"><\/div>\n              <a href=\"https:\/\/www.bowlingbarpredmerice.cz\/\" class=\"u-align-center u-btn u-button-style u-custom-font u-font-roboto u-text-custom-color-2 u-text-hover-custom-color-3 u-btn-4\">bowlingbarpredmerice.cz<\/a>\n            <\/div>\n          <\/div>\n        <\/div>\n      <\/div>\n    <\/section>\n    <section class=\"u-clearfix u-grey-90 u-section-8\" id=\"sec-fc59\">\n      <div class=\"u-clearfix u-sheet u-sheet-1\"><\/div>\n    <\/section>\n    \n    \n    \n  \n<\/div>","protected":false},"excerpt":{"rendered":"<p>PRO FIRMY JSTE FIRMA? Nebo n\u00e1ro\u010dn\u00fd klient , kter\u00fd by rad\u011bji p\u0159enechal starosti s IT t\u00fdmu expert\u016f.&nbsp;&nbsp; TVORBA WEB\u016e Pot\u0159ebujete webov\u00e9 str\u00e1nky, jejich \u00fadr\u017ebu, nebo pravideln\u00e9 aktualizace obsahu ?&nbsp; &nbsp;V\u0161e za\u0159\u00edd\u00edme. Od zalo\u017een\u00ed dom\u00e9ny a um\u00edst\u011bn\u00ed na n\u00e1\u0161 hosting, po navr\u017een\u00ed designu webu. Poradenstv\u00ed v oblasti algoritm\u016f google, pro jej\u00ed lep\u0161\u00ed propagaci a jej\u00ed prov\u00e1z\u00e1n\u00ed&hellip; <a class=\"more-link\" href=\"https:\/\/www.medcomp.cz\/index.php\/sluzby-2\/\">Pokra\u010dovat ve\u00a0\u010dten\u00ed <span class=\"screen-reader-text\">sluzby+<\/span><\/a><\/p>\n","protected":false},"author":1,"featured_media":0,"parent":0,"menu_order":0,"comment_status":"closed","ping_status":"closed","template":"","meta":{"footnotes":""},"class_list":["post-105","page","type-page","status-publish","hentry","entry"],"_links":{"self":[{"href":"https:\/\/www.medcomp.cz\/index.php\/wp-json\/wp\/v2\/pages\/105","targetHints":{"allow":["GET"]}}],"collection":[{"href":"https:\/\/www.medcomp.cz\/index.php\/wp-json\/wp\/v2\/pages"}],"about":[{"href":"https:\/\/www.medcomp.cz\/index.php\/wp-json\/wp\/v2\/types\/page"}],"author":[{"embeddable":true,"href":"https:\/\/www.medcomp.cz\/index.php\/wp-json\/wp\/v2\/users\/1"}],"replies":[{"embeddable":true,"href":"https:\/\/www.medcomp.cz\/index.php\/wp-json\/wp\/v2\/comments?post=105"}],"version-history":[{"count":27,"href":"https:\/\/www.medcomp.cz\/index.php\/wp-json\/wp\/v2\/pages\/105\/revisions"}],"predecessor-version":[{"id":239,"href":"https:\/\/www.medcomp.cz\/index.php\/wp-json\/wp\/v2\/pages\/105\/revisions\/239"}],"wp:attachment":[{"href":"https:\/\/www.medcomp.cz\/index.php\/wp-json\/wp\/v2\/media?parent=105"}],"curies":[{"name":"wp","href":"https:\/\/api.w.org\/{rel}","templated":true}]}}